{"id":7243,"date":"2022-01-29T10:32:55","date_gmt":"2022-01-29T08:32:55","guid":{"rendered":"https:\/\/ceccarbacau.ro\/ro\/?page_id=7243"},"modified":"2022-01-29T10:32:57","modified_gmt":"2022-01-29T08:32:57","slug":"in-atentia-membrilor-ceccar-filiala-bacau","status":"publish","type":"page","link":"https:\/\/ceccarbacau.ro\/ro\/in-atentia-membrilor-ceccar-filiala-bacau\/","title":{"rendered":"\u00ceN ATEN\u021aIA MEMBRILOR CECCAR FILIALA BACAU"},"content":{"rendered":"<section   class=\"fw-main-row  auto  fw-section-position-back\"    >\n\t\t\t<div class=\"fw-container\" >\n\t\t<div class=\"fw-row\">\n\t<div id=\"column-69d618bf14d9c\" class=\"fw-col-sm-12 tf-sh-6ae49301e923afe9b329df925c3a74aa\" >\n\t<div class=\"fw-wrap-col-inner clearfix  \"   >\n\t\t\t\t<div class=\"fw-col-inner\">\n\t\t\t<div class=\"fw-text-box tf-sh-d8b84f1d9c4a6b2e78f3360fc8edec89 \" >\n\t<div class=\"fw-text-inner\">\n\t\t<p><u>Exclusiv membrilor care inregistreaza restante la orele de pregatire profesionala.<\/u><\/p>\n<p><u>Membrii care au efectuat integral cursurile nu pot participa la aceste cursuri<\/u><\/p>\n<p>&nbsp;<\/p>\n<p>In\u00a0perioada 01-28 februarie 2022 CECCAR organizeaza o serie de cursuri online, prin intermediul platformei Zoom.us, cursuri adresate exclusiv membrilor care nu si-au indeplinit obligatiile de pregatire profesionala pana la sfarsitul anului 2021. Pentru a beneficia de facilitatile financiare membri care nu si-au indeplinit obligatiile de pregatire profesionala pana la sfarsitul anului 2021 trebuie sa achite si sa efectueze aceste cursuri pana la data de 28 februarie 2022:<\/p>\n<ul>\n<li><strong>Tema 1:<\/strong> Nout\u0103\u021bi privind tratamente fiscale aplicabile in TVA. Tratamente fiscale intracomunitare (10 ore CPD)<\/li>\n<li><strong>Tema 2:<\/strong> Regimul fiscal al cheltuielilor \u00een determinarea\u00a0 rezultatului fiscal. Reguli de combatere a planific\u0103rii fiscale (10 ore CPD)<\/li>\n<li><strong>Tema 3:<\/strong> HORECA si alte activit\u0103\u021bi specifice turismului: tratamente contabile si fiscale generale si particulare (10 ore CPD)<\/li>\n<li><strong>Tema 4:<\/strong> Fonduri europene - tratamente contabile si modalit\u0103\u021bi de accesare (10 ore CPD)<\/li>\n<li><strong>Tema 5:<\/strong> Reorganizarea companiilor prin transfer de afacere si fiducie - solu\u021bii pentru firmele aflate in dificultate (10 ore CPD)<\/li>\n<li><strong>Tema 6:<\/strong> Expertiza contabila judiciara. Aspecte practice si studii de caz (10 ore CPD)<\/li>\n<li><strong>Tema 7:<\/strong> DAC6\u00a0- Raportarea aranjamentelor transfrontaliere (10 ore CPD)<\/li>\n<li><strong>Tema 8:<\/strong> Tehnici de estimare a valorii si analiz\u0103 financiar\u0103 pentru cresterea rezilientei in afaceri (10 ore CPD)<\/li>\n<\/ul>\n<p><strong>Link-u<\/strong><strong>l de inscriere este: <\/strong><strong><a href=\"https:\/\/forms.gle\/FCQE67jEsAhSEaR86\">https:\/\/forms.gle\/FCQE67jEsAhSEaR86<\/a><\/strong><\/p>\n<p><strong>Inscrierea la aceste cursuri poate fi facut\u0103 p\u00e2n\u0103 <\/strong><strong>luni, 31 ianuarie 2022 ora 16:00.<\/strong><\/p>\n<p><strong>\u00a0<\/strong><\/p>\n<p>-\u00a0In\u00a0functie de numarul de membri\u00a0 care se vor inscrie vom stabili datele exacte din perioada 01 \u2013 28 februarie 2022 in care se va organizare fiecare curs.<\/p>\n<p>&nbsp;<\/p>\n<p>- In situatia in care la un anumit curs nu se inscriu un numar minim de participanti acestia vor fi redistribuiti catre alt curs.<\/p>\n<p>&nbsp;<\/p>\n<p>- Un membru nu poate participa la 2 cursuri cu aceeasi\u00a0tema de pregatire pentru anul 2021.<\/p>\n<p>&nbsp;<\/p>\n<p><strong>-\u00a0Aceste cursuri se adreseaza doar membrilor care nu si-au indeplinit obligatiile de pregatire profesionala pana la sfarsitul anului 2021.<\/strong><\/p>\n<p><strong>- Pentru a beneficia de facilitatile financiare stabilite prin <em>Sistemul de cotizatii in cadrul CECCAR <\/em>membri care nu si-au indeplinit obligatiile de pregatire profesionala pana la sfarsitul anului 2021 trebuie sa achite si sa efectueze aceste cursuri pana la data de 28 februarie 2022.<\/strong><\/p>\n<p><strong>\u00a0<\/strong><\/p>\n<p><strong>- <\/strong><strong>Membri CECCAR care nu<\/strong><strong> si-au indeplinit obligatiile de pregatire profesionala pana la sfarsitul anului 2021 <\/strong><strong>(potrivit Hot\u0103r\u00e2rii Consiliului Superior CECCAR nr. 19\/532 din 27.09.2019) vor achita un tarif de 50 lei + TVA \/10 ore CPD.<\/strong><\/p>\n\t<\/div>\n<\/div>\t\t<\/div>\n\t<\/div>\n<\/div><\/div>\n\n\t<\/div>\n\t<\/section>\n","protected":false},"excerpt":{"rendered":"<p>Exclusiv membrilor care inregistreaza restante la orele de pregatire profesionala. Membrii care au efectuat integral cursurile nu pot participa la aceste cursuri &nbsp; In\u00a0perioada 01-28 februarie 2022 CECCAR organizeaza o serie de cursuri online, prin [&hellip;]<\/p>\n","protected":false},"author":112,"featured_media":0,"parent":0,"menu_order":0,"comment_status":"closed","ping_status":"closed","template":"","meta":{"footnotes":""},"class_list":["post-7243","page","type-page","status-publish","hentry"],"brizy_media":[],"_links":{"self":[{"href":"https:\/\/ceccarbacau.ro\/ro\/wp-json\/wp\/v2\/pages\/7243","targetHints":{"allow":["GET"]}}],"collection":[{"href":"https:\/\/ceccarbacau.ro\/ro\/wp-json\/wp\/v2\/pages"}],"about":[{"href":"https:\/\/ceccarbacau.ro\/ro\/wp-json\/wp\/v2\/types\/page"}],"author":[{"embeddable":true,"href":"https:\/\/ceccarbacau.ro\/ro\/wp-json\/wp\/v2\/users\/112"}],"replies":[{"embeddable":true,"href":"https:\/\/ceccarbacau.ro\/ro\/wp-json\/wp\/v2\/comments?post=7243"}],"version-history":[{"count":2,"href":"https:\/\/ceccarbacau.ro\/ro\/wp-json\/wp\/v2\/pages\/7243\/revisions"}],"predecessor-version":[{"id":7245,"href":"https:\/\/ceccarbacau.ro\/ro\/wp-json\/wp\/v2\/pages\/7243\/revisions\/7245"}],"wp:attachment":[{"href":"https:\/\/ceccarbacau.ro\/ro\/wp-json\/wp\/v2\/media?parent=7243"}],"curies":[{"name":"wp","href":"https:\/\/api.w.org\/{rel}","templated":true}]}}